{"id":3,"date":"2025-09-23T12:52:18","date_gmt":"2025-09-23T12:52:18","guid":{"rendered":"http:\/\/wanderlustabruzzo.com\/?page_id=3"},"modified":"2026-05-07T18:36:38","modified_gmt":"2026-05-07T16:36:38","slug":"datenschutzerklarung","status":"publish","type":"page","link":"https:\/\/wanderlustabruzzo.com\/de\/privacy-policy\/","title":{"rendered":"Datenschutzerkl\u00e4rung"},"content":{"rendered":"<p class=\"privacy-policy-h1\">Last Updated 07\/05\/2026<br \/>Effective Date 04\/10\/2025<\/p>\r\n<p class=\"privacy-policy-p\">This Privacy Policy describes the policies of Wanderlust Abruzzo, Via Regolizie, Chieti 66020, Italy, VAT number 02869140695 email: wanderlustabruzzo@gmail.com, on the collection, use and disclosure of your information that we collect when you use our website ( https:\/\/wanderlustabruzzo.com\/ ). (the \u201cService\u201d). By accessing or using the Service, you are consenting to the collection, use and disclosure of your information in accordance with this Privacy Policy. If you do not consent to the same, please do not access or use the Service.<\/p>\r\n<p class=\"privacy-policy-p\">Wir behalten uns das Recht vor, diese Datenschutzerkl\u00e4rung jederzeit ohne vorherige Ank\u00fcndigung zu \u00e4ndern. Die \u00fcberarbeitete Version wird auf dem Service ver\u00f6ffentlicht. Die \u00c4nderungen treten 180 Tage nach Ver\u00f6ffentlichung in Kraft. Wenn du den Service nach diesem Zeitpunkt weiterhin nutzt, gilt das als Zustimmung zur neuen Datenschutzerkl\u00e4rung. Wir empfehlen dir daher, diese Seite regelm\u00e4\u00dfig zu \u00fcberpr\u00fcfen.<\/p>\r\n<ol class=\"privacy-policy-ol\">\r\n<li>\r\n<h2 class=\"privacy-policy-h2 wp-block-heading\">Welche Daten wir erfassen<\/h2>\r\n<p class=\"privacy-policy-p\">Wir erheben und verarbeiten folgende personenbezogene Daten:<\/p>\r\n<ol class=\"privacy-policy-ol\">\r\n<li>Name<\/li>\r\n<li>Email<\/li>\r\n<li>Telefonnummer<\/li>\r\n<\/ol>\r\n<\/li>\r\n<li>\r\n<h2 class=\"privacy-policy-h2\">Wie wir deine Daten verwenden<\/h2>\r\n<p class=\"privacy-policy-p\">Wir nutzen die erfassten Daten f\u00fcr folgende Zwecke:<\/p>\r\n<ol class=\"privacy-policy-ol\">\r\n<li>Testimonials<\/li>\r\n<li>Zahlungsabwicklung<\/li>\r\n<li>Support<\/li>\r\n<li>Verwaltungsinformationen<\/li>\r\n<\/ol>\r\n<p class=\"privacy-policy-p\">Falls wir deine Daten f\u00fcr andere Zwecke verwenden m\u00f6chten, holen wir zuvor deine ausdr\u00fcckliche Zustimmung ein. Nach deiner Zustimmung werden deine Daten ausschlie\u00dflich f\u00fcr diese konkret genannten Zwecke verwendet, sofern nicht gesetzlich etwas anderes vorgeschrieben ist.<\/p>\r\n<\/li>\r\n<li>\r\n<h2 class=\"privacy-policy-h2\">Weitergabe deiner Daten<\/h2>\r\n<p class=\"privacy-policy-p\">Wir geben deine personenbezogenen Daten nicht ohne deine Zustimmung an Dritte weiter \u2013 mit Ausnahme der folgenden F\u00e4lle:<\/p>\r\n<ol class=\"privacy-policy-ol\">\r\n<li>Analysezwecke<\/li>\r\n<\/ol>\r\n<p class=\"privacy-policy-p\">In bestimmten F\u00e4llen k\u00f6nnen wir Drittanbieter einsetzen, z.\u202fB. f\u00fcr Webanalyse. Diese Dienstleister d\u00fcrfen die bereitgestellten Daten nur f\u00fcr den konkreten Zweck verarbeiten und nicht l\u00e4nger speichern, als es notwendig ist.<\/p>\r\n<p class=\"privacy-policy-p\">Dar\u00fcber hinaus k\u00f6nnen wir personenbezogene Daten offenlegen:\n\n(1)zur Einhaltung gesetzlicher Vorschriften oder gerichtlicher Anordnungen,\n\n(2)zur Durchsetzung unserer Vereinbarungen, einschlie\u00dflich dieser Datenschutzerkl\u00e4rung,\n\n(3)zur Abwehr von Anspr\u00fcchen, dass deine Nutzung des Services Rechte Dritter verletzt.\n\nWenn unser Unternehmen fusioniert oder \u00fcbernommen wird, geh\u00f6ren deine Daten zu den \u00fcbertragenen Verm\u00f6genswerten.<\/p>\r\n<\/li>\r\n<li>\r\n<h2 class=\"privacy-policy-h2\">Aufbewahrung deiner Daten<\/h2>\r\n<p class=\"privacy-policy-p\">Wir speichern deine personenbezogenen Daten zwischen 90 Tagen und 2 Jahren nach Inaktivit\u00e4t deines Kontos oder solange, wie es zur Erf\u00fcllung der in dieser Datenschutzerkl\u00e4rung beschriebenen Zwecke erforderlich ist. In bestimmten F\u00e4llen (z.\u202fB. gesetzliche Aufbewahrungspflichten, Betrugsverh\u00fctung, Rechtsanspr\u00fcche) kann eine l\u00e4ngere Speicherung erforderlich sein. Anonyme oder aggregierte Daten, die keine R\u00fcckschl\u00fcsse auf dich zulassen, k\u00f6nnen unbegrenzt gespeichert werden.<\/p>\r\n<\/li>\r\n<li>\r\n<h2 class=\"privacy-policy-h2\">Deine Rechte<\/h2>\r\n<p class=\"privacy-policy-p\">Je nach geltendem Recht hast du m\u00f6glicherweise folgende Rechte in Bezug auf deine personenbezogenen Daten:\nRecht auf Auskunft \u00fcber die gespeicherten Daten,\nRecht auf Berichtigung oder L\u00f6schung,\nRecht auf Einschr\u00e4nkung oder Widerspruch gegendie Verarbeitung,\nRecht auf Daten\u00fcbertragbarkeit,\nRecht auf Widerruf deiner Einwilligung,\nRecht auf Beschwerde bei einer Datenschutzbeh\u00f6rde.\n\nZur Aus\u00fcbung deiner Rechte kannst du uns \u00fcber folgende Kontaktformular erreichen: <a href=\"https:\/\/wanderlustabruzzo.com\/de\/kontakt\/\">https:\/\/wanderlustabruzzo.com\/contact.<\/a>Wir werden deinem Anliegen im Rahmen der geltenden gesetzlichen Vorschriften nachkommen.<\/p>\r\n<p class=\"privacy-policy-p\">Bitte beachte: Wenn du uns nicht gestattest, die erforderlichen Daten zu erfassen oder deine Einwilligung widerrufst, kann es sein, dass du bestimmte Services nicht mehr nutzen kannst.<\/p>\r\n<\/li>\r\n<li>\r\n<h2 class=\"privacy-policy-h2\">Cookies Etc.<\/h2>\r\n<p class=\"privacy-policy-p\">Weitere Informationen zur Verwendung von Cookies und deinen Optionen findest du in unserer\u00a0<a href=\"https:\/\/wanderlustabruzzo.com\/de\/cookie-policy-eu\/\">Cookie-Richtlinie<\/a><\/p>\r\n<\/li>\r\n<li>\r\n<h2 class=\"privacy-policy-h2\">Sicherheit<\/h2>\r\n<p class=\"privacy-policy-p\">Der Schutz deiner Daten ist uns wichtig. Wir setzen angemessene technische und organisatorische Ma\u00dfnahmen ein, um deine Daten vor Verlust, Missbrauch oder unbefugtem Zugriff zu sch\u00fctzen. Bitte beachte jedoch, dass kein System absolute Sicherheit garantieren kann. Jede \u00dcbertragung erfolgt daher auf eigenes Risiko.<\/p>\r\n<\/li>\r\n<li>\r\n<h2 class=\"privacy-policy-h2\">Ansprechpartner f\u00fcr Datenschutz \/ Beschwerden<\/h2>\r\n<p class=\"privacy-policy-p\">Wenn du Fragen oder Bedenken hinsichtlich der Verarbeitung deiner Daten hast, kannst du dich an unseren Datenschutzbeauftragten wenden:\nWanderlust Abruzzo\nVia Regolizie, 66020 San Giovanni Teatino, Chieti, Italien\nKontaktformular: <a href=\"https:\/\/wanderlustabruzzo.com\/de\/kontakt\/\" target=\"_blank\" rel=\"noopener\">https:\/\/wanderlustabruzzo.com\/contact.<\/a>Wir behandeln dein Anliegen gem\u00e4\u00df den geltenden Datenschutzgesetzen in Italien.<\/p>\r\n<\/li>\r\n<\/ol>\r\n<p class=\"privacy-policy-p\">Diese Datenschutzerkl\u00e4rung wurde erstellt mit der Unterst\u00fctzung von\u00a0<a href=\"https:\/\/www.cookieyes.com\/?utm_source=PP&amp;utm_medium=footer&amp;utm_campaign=UW\" target=\"_blank\" rel=\"noopener noreferrer nofollow\">CookieYes<\/a>.<\/p>","protected":false},"excerpt":{"rendered":"<p>Last Updated 07\/05\/2026Effective Date 04\/10\/2025 This Privacy Policy describes the policies of Wanderlust Abruzzo, Via Regolizie, Chieti 66020, Italy, VAT number 02869140695 email: wanderlustabruzzo@gmail.com, on the collection, use and disclosure of your information that we collect when you use our website ( https:\/\/wanderlustabruzzo.com\/ ). (the \u201cService\u201d). By accessing or using the Service, you are consenting to the collection, use and disclosure of your information in accordance with this Privacy Policy. If you do not consent to the same, please do not access or use the Service. We may modify this Privacy Policy at any time without any prior notice to you and will post the revised Privacy Policy on the Service. The revised Policy will be effective 180 days from when the revised Policy is posted in the Service and your continued access or use of the Service after such time will constitute your acceptance of the revised Privacy Policy. We therefore recommend that you periodically review this page. Information We Collect: We will collect and process the following personal information about you: Name Email Mobile How We Use Your Information: We will use the information that we collect about you for the following purposes: Testimonials Processing payment Support Administration info If we want to use your information for any other purpose, we will ask you for consent and will use your information only on receiving your consent and then, only for the purpose(s) for which grant consent unless we are required to do otherwise by law. How We Share Your Information: We will not transfer your personal information to any third party without seeking your consent, except in limited circumstances as described below: Analytics We require such third party\u2019s to use the personal information we transfer to them only for the purpose for which it was transferred and not to retain it for longer than is required for fulfilling the said purpose. We may also disclose your personal information for the following: (1) to comply with applicable law, regulation, court order or other legal process; (2) to enforce your agreements with us, including this Privacy Policy; or (3) to respond to claims that your use of the Service violates any third-party rights. If the Service or our company is merged or acquired with another company, your information will be one of the assets that is transferred to the new owner. Retention Of Your Information: We will retain your personal information with us for 90 days to 2 years after user accounts remain idle or for as long as we need it to fulfill the purposes for which it was collected as detailed in this Privacy Policy. We may need to retain certain information for longer periods such as record-keeping \/ reporting in accordance with applicable law or for other legitimate reasons like enforcement of legal rights, fraud prevention, etc. Residual anonymous information and aggregate information, neither of which identifies you (directly or indirectly), may be stored indefinitely. Your Rights: Depending on the law that applies, you may have a right to access and rectify or erase your personal data or receive a copy of your personal data, restrict or object to the active processing of your data, ask us to share (port) your personal information to another entity, withdraw any consent you provided to us to process your data, a right to lodge a complaint with a statutory authority and such other rights as may be relevant under applicable laws. To exercise these rights, you can write to us at https:\/\/wanderlustabruzzo.com\/contact\/. We will respond to your request in accordance with applicable law. Do note that if you do not allow us to collect or process the required personal information or withdraw the consent to process the same for the required purposes, you may not be able to access or use the services for which your information was sought. Cookies Etc. To learn more about how we use these and your choices in relation to these tracking technologies, please refer to our\u00a0Cookie Policy. Security: The security of your information is important to us and we will use reasonable security measures to prevent the loss, misuse or unauthorized alteration of your information under our control. However, given the inherent risks, we cannot guarantee absolute security and consequently, we cannot ensure or warrant the security of any information you transmit to us and you do so at your own risk. Grievance \/ Data Protection Officer: If you have any queries or concerns about the processing of your information that is available with us, you may email our Grievance Officer at Wanderlust Abruzzo, Via Regolizie, https:\/\/wanderlustabruzzo.com\/contact\/. We will address your concerns in accordance with applicable Italian law. Privacy Policy generated with\u00a0CookieYes.<\/p>","protected":false},"author":1,"featured_media":0,"parent":0,"menu_order":11,"comment_status":"closed","ping_status":"closed","template":"","meta":{"footnotes":""},"class_list":["post-3","page","type-page","status-publish","hentry"],"yoast_head":"<!-- This site is optimized with the Yoast SEO plugin v27.5 - https:\/\/yoast.com\/product\/yoast-seo-wordpress\/ -->\n<title>Privacy Policy - Wanderlust Abruzzo<\/title>\n<meta name=\"description\" content=\"Learn how Wanderlust Abruzzo protects your data and privacy. Read our legal notice and privacy policy for transparency and trust.\" \/>\n<meta name=\"robots\" content=\"index, follow, max-snippet:-1, max-image-preview:large, max-video-preview:-1\" \/>\n<link rel=\"canonical\" href=\"https:\/\/wanderlustabruzzo.com\/de\/datenschutzerklarung\/\" \/>\n<meta property=\"og:locale\" content=\"de_DE\" \/>\n<meta property=\"og:type\" content=\"article\" \/>\n<meta property=\"og:title\" content=\"Privacy Policy - Wanderlust Abruzzo\" \/>\n<meta property=\"og:description\" content=\"Learn how Wanderlust Abruzzo protects your data and privacy. Read our legal notice and privacy policy for transparency and trust.\" \/>\n<meta property=\"og:url\" content=\"https:\/\/wanderlustabruzzo.com\/de\/datenschutzerklarung\/\" \/>\n<meta property=\"og:site_name\" content=\"Wanderlust Abruzzo\" \/>\n<meta property=\"article:publisher\" content=\"https:\/\/www.facebook.com\/wanderlustabruzzo\" \/>\n<meta property=\"article:modified_time\" content=\"2026-05-07T16:36:38+00:00\" \/>\n<meta name=\"twitter:card\" content=\"summary_large_image\" \/>\n<meta name=\"twitter:label1\" content=\"Gesch\u00e4tzte Lesezeit\" \/>\n\t<meta name=\"twitter:data1\" content=\"4\u00a0Minuten\" \/>\n<script type=\"application\/ld+json\" class=\"yoast-schema-graph\">{\"@context\":\"https:\\\/\\\/schema.org\",\"@graph\":[{\"@type\":\"WebPage\",\"@id\":\"https:\\\/\\\/wanderlustabruzzo.com\\\/privacy-policy\\\/\",\"url\":\"https:\\\/\\\/wanderlustabruzzo.com\\\/privacy-policy\\\/\",\"name\":\"Privacy Policy - Wanderlust Abruzzo\",\"isPartOf\":{\"@id\":\"https:\\\/\\\/wanderlustabruzzo.com\\\/#website\"},\"datePublished\":\"2025-09-23T12:52:18+00:00\",\"dateModified\":\"2026-05-07T16:36:38+00:00\",\"description\":\"Learn how Wanderlust Abruzzo protects your data and privacy. Read our legal notice and privacy policy for transparency and trust.\",\"breadcrumb\":{\"@id\":\"https:\\\/\\\/wanderlustabruzzo.com\\\/privacy-policy\\\/#breadcrumb\"},\"inLanguage\":\"de\",\"potentialAction\":[{\"@type\":\"ReadAction\",\"target\":[\"https:\\\/\\\/wanderlustabruzzo.com\\\/privacy-policy\\\/\"]}]},{\"@type\":\"BreadcrumbList\",\"@id\":\"https:\\\/\\\/wanderlustabruzzo.com\\\/privacy-policy\\\/#breadcrumb\",\"itemListElement\":[{\"@type\":\"ListItem\",\"position\":1,\"name\":\"Home\",\"item\":\"https:\\\/\\\/wanderlustabruzzo.com\\\/\"},{\"@type\":\"ListItem\",\"position\":2,\"name\":\"Privacy Policy\"}]},{\"@type\":\"WebSite\",\"@id\":\"https:\\\/\\\/wanderlustabruzzo.com\\\/#website\",\"url\":\"https:\\\/\\\/wanderlustabruzzo.com\\\/\",\"name\":\"Wanderlust Abruzzo\",\"description\":\"Your personal, bilingual guide to a stress-free move to Abruzzo\",\"publisher\":{\"@id\":\"https:\\\/\\\/wanderlustabruzzo.com\\\/#organization\"},\"potentialAction\":[{\"@type\":\"SearchAction\",\"target\":{\"@type\":\"EntryPoint\",\"urlTemplate\":\"https:\\\/\\\/wanderlustabruzzo.com\\\/?s={search_term_string}\"},\"query-input\":{\"@type\":\"PropertyValueSpecification\",\"valueRequired\":true,\"valueName\":\"search_term_string\"}}],\"inLanguage\":\"de\"},{\"@type\":\"Organization\",\"@id\":\"https:\\\/\\\/wanderlustabruzzo.com\\\/#organization\",\"name\":\"Wanderlust Abruzzo\",\"url\":\"https:\\\/\\\/wanderlustabruzzo.com\\\/\",\"logo\":{\"@type\":\"ImageObject\",\"inLanguage\":\"de\",\"@id\":\"https:\\\/\\\/wanderlustabruzzo.com\\\/#\\\/schema\\\/logo\\\/image\\\/\",\"url\":\"https:\\\/\\\/wanderlustabruzzo.com\\\/wp-content\\\/uploads\\\/2025\\\/09\\\/Wanderlust-Abruzzo-Logos-in-Naturfarben-e1762268946999.webp\",\"contentUrl\":\"https:\\\/\\\/wanderlustabruzzo.com\\\/wp-content\\\/uploads\\\/2025\\\/09\\\/Wanderlust-Abruzzo-Logos-in-Naturfarben-e1762268946999.webp\",\"width\":149,\"height\":90,\"caption\":\"Wanderlust Abruzzo\"},\"image\":{\"@id\":\"https:\\\/\\\/wanderlustabruzzo.com\\\/#\\\/schema\\\/logo\\\/image\\\/\"},\"sameAs\":[\"https:\\\/\\\/www.facebook.com\\\/wanderlustabruzzo\"]}]}<\/script>\n<!-- \/ Yoast SEO plugin. -->","yoast_head_json":{"title":"Datenschutzerkl\u00e4rung- Wanderlust Abruzzo","description":"Erfahre, wie Wanderlust Abruzzo deine Daten und Privatsph\u00e4re sch\u00fctzt. Lese unser Impressum und unsere Datenschutzerkl\u00e4rung f\u00fcr Transparenz und Vertrauen.","robots":{"index":"index","follow":"follow","max-snippet":"max-snippet:-1","max-image-preview":"max-image-preview:large","max-video-preview":"max-video-preview:-1"},"canonical":"https:\/\/wanderlustabruzzo.com\/de\/datenschutzerklarung\/","og_locale":"de_DE","og_type":"article","og_title":"Privacy Policy - Wanderlust Abruzzo","og_description":"Learn how Wanderlust Abruzzo protects your data and privacy. Read our legal notice and privacy policy for transparency and trust.","og_url":"https:\/\/wanderlustabruzzo.com\/de\/datenschutzerklarung\/","og_site_name":"Wanderlust Abruzzo","article_publisher":"https:\/\/www.facebook.com\/wanderlustabruzzo","article_modified_time":"2026-05-07T16:36:38+00:00","twitter_card":"summary_large_image","twitter_misc":{"Gesch\u00e4tzte Lesezeit":"4\u00a0Minuten"},"schema":{"@context":"https:\/\/schema.org","@graph":[{"@type":"WebPage","@id":"https:\/\/wanderlustabruzzo.com\/privacy-policy\/","url":"https:\/\/wanderlustabruzzo.com\/privacy-policy\/","name":"Datenschutzerkl\u00e4rung- Wanderlust Abruzzo","isPartOf":{"@id":"https:\/\/wanderlustabruzzo.com\/#website"},"datePublished":"2025-09-23T12:52:18+00:00","dateModified":"2026-05-07T16:36:38+00:00","description":"Erfahre, wie Wanderlust Abruzzo deine Daten und Privatsph\u00e4re sch\u00fctzt. Lese unser Impressum und unsere Datenschutzerkl\u00e4rung f\u00fcr Transparenz und Vertrauen.","breadcrumb":{"@id":"https:\/\/wanderlustabruzzo.com\/privacy-policy\/#breadcrumb"},"inLanguage":"de","potentialAction":[{"@type":"ReadAction","target":["https:\/\/wanderlustabruzzo.com\/privacy-policy\/"]}]},{"@type":"BreadcrumbList","@id":"https:\/\/wanderlustabruzzo.com\/privacy-policy\/#breadcrumb","itemListElement":[{"@type":"ListItem","position":1,"name":"Home","item":"https:\/\/wanderlustabruzzo.com\/"},{"@type":"ListItem","position":2,"name":"Privacy Policy"}]},{"@type":"WebSite","@id":"https:\/\/wanderlustabruzzo.com\/#website","url":"https:\/\/wanderlustabruzzo.com\/","name":"Wanderlust Abruzzo","description":"Your personal, bilingual guide to a stress-free move to Abruzzo","publisher":{"@id":"https:\/\/wanderlustabruzzo.com\/#organization"},"potentialAction":[{"@type":"SearchAction","target":{"@type":"EntryPoint","urlTemplate":"https:\/\/wanderlustabruzzo.com\/?s={search_term_string}"},"query-input":{"@type":"PropertyValueSpecification","valueRequired":true,"valueName":"search_term_string"}}],"inLanguage":"de"},{"@type":"Organization","@id":"https:\/\/wanderlustabruzzo.com\/#organization","name":"Wanderlust Abruzzo","url":"https:\/\/wanderlustabruzzo.com\/","logo":{"@type":"ImageObject","inLanguage":"de","@id":"https:\/\/wanderlustabruzzo.com\/#\/schema\/logo\/image\/","url":"https:\/\/wanderlustabruzzo.com\/wp-content\/uploads\/2025\/09\/Wanderlust-Abruzzo-Logos-in-Naturfarben-e1762268946999.webp","contentUrl":"https:\/\/wanderlustabruzzo.com\/wp-content\/uploads\/2025\/09\/Wanderlust-Abruzzo-Logos-in-Naturfarben-e1762268946999.webp","width":149,"height":90,"caption":"Wanderlust Abruzzo"},"image":{"@id":"https:\/\/wanderlustabruzzo.com\/#\/schema\/logo\/image\/"},"sameAs":["https:\/\/www.facebook.com\/wanderlustabruzzo"]}]}},"_links":{"self":[{"href":"https:\/\/wanderlustabruzzo.com\/de\/wp-json\/wp\/v2\/pages\/3","targetHints":{"allow":["GET"]}}],"collection":[{"href":"https:\/\/wanderlustabruzzo.com\/de\/wp-json\/wp\/v2\/pages"}],"about":[{"href":"https:\/\/wanderlustabruzzo.com\/de\/wp-json\/wp\/v2\/types\/page"}],"author":[{"embeddable":true,"href":"https:\/\/wanderlustabruzzo.com\/de\/wp-json\/wp\/v2\/users\/1"}],"replies":[{"embeddable":true,"href":"https:\/\/wanderlustabruzzo.com\/de\/wp-json\/wp\/v2\/comments?post=3"}],"version-history":[{"count":2,"href":"https:\/\/wanderlustabruzzo.com\/de\/wp-json\/wp\/v2\/pages\/3\/revisions"}],"predecessor-version":[{"id":2969,"href":"https:\/\/wanderlustabruzzo.com\/de\/wp-json\/wp\/v2\/pages\/3\/revisions\/2969"}],"wp:attachment":[{"href":"https:\/\/wanderlustabruzzo.com\/de\/wp-json\/wp\/v2\/media?parent=3"}],"curies":[{"name":"wp","href":"https:\/\/api.w.org\/{rel}","templated":true}]}}